{"id":16559,"date":"2024-02-17T11:30:50","date_gmt":"2024-02-17T08:30:50","guid":{"rendered":"https:\/\/healthpointworld.com\/fr\/?page_id=16559"},"modified":"2024-08-30T18:02:55","modified_gmt":"2024-08-30T15:02:55","slug":"medecins","status":"publish","type":"page","link":"https:\/\/healthpointworld.com\/fr\/medecins\/","title":{"rendered":"M\u00e9decins"},"content":{"rendered":"<div data-elementor-type=\"wp-page\" data-elementor-id=\"16559\" class=\"elementor elementor-16559\" data-elementor-post-type=\"page\">\n\t\t\t\t\t\t<section class=\"elementor-section elementor-top-section elementor-element elementor-element-467964a elementor-section-boxed elementor-section-height-default elementor-section-height-default wpr-particle-no wpr-jarallax-no wpr-parallax-no wpr-sticky-section-no\" data-id=\"467964a\" data-element_type=\"section\" data-settings=\"{&quot;background_background&quot;:&quot;classic&quot;}\">\n\t\t\t\t\t\t<div class=\"elementor-container elementor-column-gap-default\">\n\t\t\t\t\t<div class=\"elementor-column elementor-col-50 elementor-top-column elementor-element elementor-element-ad90bce\" data-id=\"ad90bce\" data-element_type=\"column\">\n\t\t\t<div class=\"elementor-widget-wrap elementor-element-populated\">\n\t\t\t\t\t\t<div class=\"elementor-element elementor-element-a690589 elementor-widget elementor-widget-heading\" data-id=\"a690589\" data-element_type=\"widget\" data-widget_type=\"heading.default\">\n\t\t\t\t<div class=\"elementor-widget-container\">\n\t\t\t<style>\/*! elementor - v3.19.0 - 07-02-2024 *\/\n.elementor-heading-title{padding:0;margin:0;line-height:1}.elementor-widget-heading .elementor-heading-title[class*=elementor-size-]>a{color:inherit;font-size:inherit;line-height:inherit}.elementor-widget-heading .elementor-heading-title.elementor-size-small{font-size:15px}.elementor-widget-heading .elementor-heading-title.elementor-size-medium{font-size:19px}.elementor-widget-heading .elementor-heading-title.elementor-size-large{font-size:29px}.elementor-widget-heading .elementor-heading-title.elementor-size-xl{font-size:39px}.elementor-widget-heading .elementor-heading-title.elementor-size-xxl{font-size:59px}<\/style><div class=\"elementor-heading-title elementor-size-default\"><div class=\"aioseo-breadcrumbs\"><span class=\"aioseo-breadcrumb\">\n\tHome\n<\/span><\/div><\/div>\t\t<\/div>\n\t\t\t\t<\/div>\n\t\t\t\t<div class=\"elementor-element elementor-element-cbd9178 elementor-widget elementor-widget-spacer\" data-id=\"cbd9178\" data-element_type=\"widget\" data-widget_type=\"spacer.default\">\n\t\t\t\t<div class=\"elementor-widget-container\">\n\t\t\t<style>\/*! elementor - v3.19.0 - 07-02-2024 *\/\n.elementor-column .elementor-spacer-inner{height:var(--spacer-size)}.e-con{--container-widget-width:100%}.e-con-inner>.elementor-widget-spacer,.e-con>.elementor-widget-spacer{width:var(--container-widget-width,var(--spacer-size));--align-self:var(--container-widget-align-self,initial);--flex-shrink:0}.e-con-inner>.elementor-widget-spacer>.elementor-widget-container,.e-con>.elementor-widget-spacer>.elementor-widget-container{height:100%;width:100%}.e-con-inner>.elementor-widget-spacer>.elementor-widget-container>.elementor-spacer,.e-con>.elementor-widget-spacer>.elementor-widget-container>.elementor-spacer{height:100%}.e-con-inner>.elementor-widget-spacer>.elementor-widget-container>.elementor-spacer>.elementor-spacer-inner,.e-con>.elementor-widget-spacer>.elementor-widget-container>.elementor-spacer>.elementor-spacer-inner{height:var(--container-widget-height,var(--spacer-size))}.e-con-inner>.elementor-widget-spacer.elementor-widget-empty,.e-con>.elementor-widget-spacer.elementor-widget-empty{position:relative;min-height:22px;min-width:22px}.e-con-inner>.elementor-widget-spacer.elementor-widget-empty .elementor-widget-empty-icon,.e-con>.elementor-widget-spacer.elementor-widget-empty .elementor-widget-empty-icon{position:absolute;top:0;bottom:0;left:0;right:0;margin:auto;padding:0;width:22px;height:22px}<\/style>\t\t<div class=\"elementor-spacer\">\n\t\t\t<div class=\"elementor-spacer-inner\"><\/div>\n\t\t<\/div>\n\t\t\t\t<\/div>\n\t\t\t\t<\/div>\n\t\t\t\t<div class=\"elementor-element elementor-element-dacfbb6 elementor-widget elementor-widget-heading\" data-id=\"dacfbb6\" data-element_type=\"widget\" data-widget_type=\"heading.default\">\n\t\t\t\t<div class=\"elementor-widget-container\">\n\t\t\t<h1 class=\"elementor-heading-title elementor-size-default\">Doctors<\/h1>\t\t<\/div>\n\t\t\t\t<\/div>\n\t\t\t\t\t<\/div>\n\t\t<\/div>\n\t\t\t\t<div class=\"elementor-column elementor-col-50 elementor-top-column elementor-element elementor-element-bc2e735\" data-id=\"bc2e735\" data-element_type=\"column\">\n\t\t\t<div class=\"elementor-widget-wrap\">\n\t\t\t\t\t\t\t<\/div>\n\t\t<\/div>\n\t\t\t\t\t<\/div>\n\t\t<\/section>\n\t\t\t\t<section class=\"elementor-section elementor-top-section elementor-element elementor-element-3061f5a elementor-section-boxed elementor-section-height-default elementor-section-height-default wpr-particle-no wpr-jarallax-no wpr-parallax-no wpr-sticky-section-no\" data-id=\"3061f5a\" data-element_type=\"section\" data-settings=\"{&quot;background_background&quot;:&quot;classic&quot;}\">\n\t\t\t\t\t\t<div class=\"elementor-container elementor-column-gap-default\">\n\t\t\t\t\t<div class=\"elementor-column elementor-col-100 elementor-top-column elementor-element elementor-element-c2f1b97\" data-id=\"c2f1b97\" data-element_type=\"column\">\n\t\t\t<div class=\"elementor-widget-wrap elementor-element-populated\">\n\t\t\t\t\t\t<section class=\"elementor-section elementor-inner-section elementor-element elementor-element-122745c elementor-section-boxed elementor-section-height-default elementor-section-height-default wpr-particle-no wpr-jarallax-no wpr-parallax-no wpr-sticky-section-no\" data-id=\"122745c\" data-element_type=\"section\">\n\t\t\t\t\t\t<div class=\"elementor-container elementor-column-gap-default\">\n\t\t\t\t\t<div class=\"elementor-column elementor-col-25 elementor-inner-column elementor-element elementor-element-db830c2\" data-id=\"db830c2\" data-element_type=\"column\">\n\t\t\t<div class=\"elementor-widget-wrap elementor-element-populated\">\n\t\t\t\t\t\t<div class=\"elementor-element elementor-element-5cb1c02 elementor-widget elementor-widget-image\" data-id=\"5cb1c02\" data-element_type=\"widget\" data-widget_type=\"image.default\">\n\t\t\t\t<div class=\"elementor-widget-container\">\n\t\t\t<style>\/*! elementor - v3.19.0 - 07-02-2024 *\/\n.elementor-widget-image{text-align:center}.elementor-widget-image a{display:inline-block}.elementor-widget-image a img[src$=\".svg\"]{width:48px}.elementor-widget-image img{vertical-align:middle;display:inline-block}<\/style>\t\t\t\t\t\t\t\t\t\t<img fetchpriority=\"high\" decoding=\"async\" width=\"460\" height=\"550\" src=\"https:\/\/healthpointworld.com\/fr\/wp-content\/uploads\/2024\/08\/hp-dr-1.jpg\" class=\"attachment-full size-full wp-image-17893\" alt=\"\" srcset=\"https:\/\/healthpointworld.com\/fr\/wp-content\/uploads\/2024\/08\/hp-dr-1.jpg 460w,  https:\/\/healthpointworld.com\/fr\/wp-content\/uploads\/2024\/08\/hp-dr-1-251x300.jpg 251w\" sizes=\"(max-width: 460px) 100vw, 460px\" \/>\t\t\t\t\t\t\t\t\t\t\t\t\t<\/div>\n\t\t\t\t<\/div>\n\t\t\t\t<div class=\"elementor-element elementor-element-41671d8 elementor-widget elementor-widget-spacer\" data-id=\"41671d8\" data-element_type=\"widget\" data-widget_type=\"spacer.default\">\n\t\t\t\t<div class=\"elementor-widget-container\">\n\t\t\t\t\t<div class=\"elementor-spacer\">\n\t\t\t<div class=\"elementor-spacer-inner\"><\/div>\n\t\t<\/div>\n\t\t\t\t<\/div>\n\t\t\t\t<\/div>\n\t\t\t\t<div class=\"elementor-element elementor-element-6d13f0a elementor-widget elementor-widget-heading\" data-id=\"6d13f0a\" data-element_type=\"widget\" data-widget_type=\"heading.default\">\n\t\t\t\t<div class=\"elementor-widget-container\">\n\t\t\t<div class=\"elementor-heading-title elementor-size-default\">Dr. Sp\u00e9cialiste.<br> Mustafa T\u00fcmt\u00fcrk\n<\/div>\t\t<\/div>\n\t\t\t\t<\/div>\n\t\t\t\t<div class=\"elementor-element elementor-element-a8c7272 elementor-widget elementor-widget-spacer\" data-id=\"a8c7272\" data-element_type=\"widget\" data-widget_type=\"spacer.default\">\n\t\t\t\t<div class=\"elementor-widget-container\">\n\t\t\t\t\t<div class=\"elementor-spacer\">\n\t\t\t<div class=\"elementor-spacer-inner\"><\/div>\n\t\t<\/div>\n\t\t\t\t<\/div>\n\t\t\t\t<\/div>\n\t\t\t\t<div class=\"elementor-element elementor-element-03371a7 elementor-mobile-align-center elementor-align-center elementor-widget elementor-widget-ld_button\" data-id=\"03371a7\" data-element_type=\"widget\" data-widget_type=\"ld_button.default\">\n\t\t\t\t<div class=\"elementor-widget-container\">\n\t\t\t\n\t\t<a  href=\"https:\/\/healthpointworld.com\/fr\/wp-content\/uploads\/2024\/08\/CV-DR.-MUSTAFA-TUMTURK.pdf\" class=\"elementor-button btn ws-nowrap btn-solid btn-xsm btn-icon-left btn-has-label\" target=\"_blank\" >\n\t\t\t\t\t\t\t<span class=\"btn-txt\"  data-text=\"CV du M\u00e9decin\" >CV du M\u00e9decin<\/span>\n\t\t\t\t\t\t\t\t\t\t\t<span class=\"btn-icon\">\n\t\t\t\t\t\t<i aria-hidden=\"true\" class=\"far fa-file-pdf\"><\/i>\t\t\t\t\t<\/span>\n\t\t\t\t\t\t\t<\/a>\n\n\t\t\t\t<\/div>\n\t\t\t\t<\/div>\n\t\t\t\t\t<\/div>\n\t\t<\/div>\n\t\t\t\t<div class=\"elementor-column elementor-col-25 elementor-inner-column elementor-element elementor-element-d0ce436\" data-id=\"d0ce436\" data-element_type=\"column\">\n\t\t\t<div class=\"elementor-widget-wrap elementor-element-populated\">\n\t\t\t\t\t\t<div class=\"elementor-element elementor-element-d2dbd9a elementor-widget elementor-widget-image\" data-id=\"d2dbd9a\" data-element_type=\"widget\" data-widget_type=\"image.default\">\n\t\t\t\t<div class=\"elementor-widget-container\">\n\t\t\t\t\t\t\t\t\t\t\t\t\t<img decoding=\"async\" width=\"460\" height=\"550\" src=\"https:\/\/healthpointworld.com\/fr\/wp-content\/uploads\/2024\/08\/hp-dr-3.jpg\" class=\"attachment-full size-full wp-image-17891\" alt=\"\" srcset=\"https:\/\/healthpointworld.com\/fr\/wp-content\/uploads\/2024\/08\/hp-dr-3.jpg 460w,  https:\/\/healthpointworld.com\/fr\/wp-content\/uploads\/2024\/08\/hp-dr-3-251x300.jpg 251w\" sizes=\"(max-width: 460px) 100vw, 460px\" \/>\t\t\t\t\t\t\t\t\t\t\t\t\t<\/div>\n\t\t\t\t<\/div>\n\t\t\t\t<div class=\"elementor-element elementor-element-b812297 elementor-widget elementor-widget-spacer\" data-id=\"b812297\" data-element_type=\"widget\" data-widget_type=\"spacer.default\">\n\t\t\t\t<div class=\"elementor-widget-container\">\n\t\t\t\t\t<div class=\"elementor-spacer\">\n\t\t\t<div class=\"elementor-spacer-inner\"><\/div>\n\t\t<\/div>\n\t\t\t\t<\/div>\n\t\t\t\t<\/div>\n\t\t\t\t<div class=\"elementor-element elementor-element-a38535b elementor-widget elementor-widget-heading\" data-id=\"a38535b\" data-element_type=\"widget\" data-widget_type=\"heading.default\">\n\t\t\t\t<div class=\"elementor-widget-container\">\n\t\t\t<div class=\"elementor-heading-title elementor-size-default\">Sp\u00e9cialiste greffe <br>Seren Sevindik<\/div>\t\t<\/div>\n\t\t\t\t<\/div>\n\t\t\t\t<div class=\"elementor-element elementor-element-65d20ea elementor-widget elementor-widget-spacer\" data-id=\"65d20ea\" data-element_type=\"widget\" data-widget_type=\"spacer.default\">\n\t\t\t\t<div class=\"elementor-widget-container\">\n\t\t\t\t\t<div class=\"elementor-spacer\">\n\t\t\t<div class=\"elementor-spacer-inner\"><\/div>\n\t\t<\/div>\n\t\t\t\t<\/div>\n\t\t\t\t<\/div>\n\t\t\t\t<div class=\"elementor-element elementor-element-c30644e elementor-mobile-align-center elementor-align-center elementor-widget elementor-widget-ld_button\" data-id=\"c30644e\" data-element_type=\"widget\" data-widget_type=\"ld_button.default\">\n\t\t\t\t<div class=\"elementor-widget-container\">\n\t\t\t\n\t\t<a  href=\"https:\/\/healthpointworld.com\/fr\/wp-content\/uploads\/2024\/08\/CV-SEREN-BUSE-SEVINDIK.pdf\" class=\"elementor-button btn ws-nowrap btn-solid btn-xsm btn-icon-left btn-has-label\" target=\"_blank\" >\n\t\t\t\t\t\t\t<span class=\"btn-txt\"  data-text=\"CV du M\u00e9decin\" >CV du M\u00e9decin<\/span>\n\t\t\t\t\t\t\t\t\t\t\t<span class=\"btn-icon\">\n\t\t\t\t\t\t<i aria-hidden=\"true\" class=\"far fa-file-pdf\"><\/i>\t\t\t\t\t<\/span>\n\t\t\t\t\t\t\t<\/a>\n\n\t\t\t\t<\/div>\n\t\t\t\t<\/div>\n\t\t\t\t\t<\/div>\n\t\t<\/div>\n\t\t\t\t<div class=\"elementor-column elementor-col-25 elementor-inner-column elementor-element elementor-element-5175071\" data-id=\"5175071\" data-element_type=\"column\">\n\t\t\t<div class=\"elementor-widget-wrap elementor-element-populated\">\n\t\t\t\t\t\t<div class=\"elementor-element elementor-element-e139ba2 elementor-widget elementor-widget-image\" data-id=\"e139ba2\" data-element_type=\"widget\" data-widget_type=\"image.default\">\n\t\t\t\t<div class=\"elementor-widget-container\">\n\t\t\t\t\t\t\t\t\t\t\t\t\t<img decoding=\"async\" width=\"460\" height=\"550\" src=\"https:\/\/healthpointworld.com\/fr\/wp-content\/uploads\/2024\/08\/hp-dr-2.jpg\" class=\"attachment-full size-full wp-image-17892\" alt=\"\" srcset=\"https:\/\/healthpointworld.com\/fr\/wp-content\/uploads\/2024\/08\/hp-dr-2.jpg 460w,  https:\/\/healthpointworld.com\/fr\/wp-content\/uploads\/2024\/08\/hp-dr-2-251x300.jpg 251w\" sizes=\"(max-width: 460px) 100vw, 460px\" \/>\t\t\t\t\t\t\t\t\t\t\t\t\t<\/div>\n\t\t\t\t<\/div>\n\t\t\t\t<div class=\"elementor-element elementor-element-ef09b2b elementor-widget elementor-widget-spacer\" data-id=\"ef09b2b\" data-element_type=\"widget\" data-widget_type=\"spacer.default\">\n\t\t\t\t<div class=\"elementor-widget-container\">\n\t\t\t\t\t<div class=\"elementor-spacer\">\n\t\t\t<div class=\"elementor-spacer-inner\"><\/div>\n\t\t<\/div>\n\t\t\t\t<\/div>\n\t\t\t\t<\/div>\n\t\t\t\t<div class=\"elementor-element elementor-element-3d4b69b elementor-widget elementor-widget-heading\" data-id=\"3d4b69b\" data-element_type=\"widget\" data-widget_type=\"heading.default\">\n\t\t\t\t<div class=\"elementor-widget-container\">\n\t\t\t<div class=\"elementor-heading-title elementor-size-default\">Dt. Mustafa Kemal \u00c7al\u0131k\n<\/div>\t\t<\/div>\n\t\t\t\t<\/div>\n\t\t\t\t<div class=\"elementor-element elementor-element-cfe112a elementor-widget elementor-widget-spacer\" data-id=\"cfe112a\" data-element_type=\"widget\" data-widget_type=\"spacer.default\">\n\t\t\t\t<div class=\"elementor-widget-container\">\n\t\t\t\t\t<div class=\"elementor-spacer\">\n\t\t\t<div class=\"elementor-spacer-inner\"><\/div>\n\t\t<\/div>\n\t\t\t\t<\/div>\n\t\t\t\t<\/div>\n\t\t\t\t<div class=\"elementor-element elementor-element-1f996f5 elementor-mobile-align-center elementor-align-center elementor-widget elementor-widget-ld_button\" data-id=\"1f996f5\" data-element_type=\"widget\" data-widget_type=\"ld_button.default\">\n\t\t\t\t<div class=\"elementor-widget-container\">\n\t\t\t\n\t\t<a  href=\"https:\/\/healthpointworld.com\/fr\/wp-content\/uploads\/2024\/08\/CV-DT.-MUSTAFA-KEMAL-CALIK.pdf\" class=\"elementor-button btn ws-nowrap btn-solid btn-xsm btn-icon-left btn-has-label\" target=\"_blank\" >\n\t\t\t\t\t\t\t<span class=\"btn-txt\"  data-text=\"CV du M\u00e9decin\" >CV du M\u00e9decin<\/span>\n\t\t\t\t\t\t\t\t\t\t\t<span class=\"btn-icon\">\n\t\t\t\t\t\t<i aria-hidden=\"true\" class=\"far fa-file-pdf\"><\/i>\t\t\t\t\t<\/span>\n\t\t\t\t\t\t\t<\/a>\n\n\t\t\t\t<\/div>\n\t\t\t\t<\/div>\n\t\t\t\t\t<\/div>\n\t\t<\/div>\n\t\t\t\t<div class=\"elementor-column elementor-col-25 elementor-inner-column elementor-element elementor-element-d68303a\" data-id=\"d68303a\" data-element_type=\"column\">\n\t\t\t<div class=\"elementor-widget-wrap elementor-element-populated\">\n\t\t\t\t\t\t<div class=\"elementor-element elementor-element-ddf3cc5 elementor-widget elementor-widget-image\" data-id=\"ddf3cc5\" data-element_type=\"widget\" data-widget_type=\"image.default\">\n\t\t\t\t<div class=\"elementor-widget-container\">\n\t\t\t\t\t\t\t\t\t\t\t\t\t<img loading=\"lazy\" decoding=\"async\" width=\"460\" height=\"550\" src=\"https:\/\/healthpointworld.com\/fr\/wp-content\/uploads\/2024\/02\/dr-alican-gunenc-1.jpg\" class=\"attachment-full size-full wp-image-16564\" alt=\"\" srcset=\"https:\/\/healthpointworld.com\/fr\/wp-content\/uploads\/2024\/02\/dr-alican-gunenc-1.jpg 460w,  https:\/\/healthpointworld.com\/fr\/wp-content\/uploads\/2024\/02\/dr-alican-gunenc-1-251x300.jpg 251w\" sizes=\"(max-width: 460px) 100vw, 460px\" \/>\t\t\t\t\t\t\t\t\t\t\t\t\t<\/div>\n\t\t\t\t<\/div>\n\t\t\t\t<div class=\"elementor-element elementor-element-6a2c763 elementor-widget elementor-widget-spacer\" data-id=\"6a2c763\" data-element_type=\"widget\" data-widget_type=\"spacer.default\">\n\t\t\t\t<div class=\"elementor-widget-container\">\n\t\t\t\t\t<div class=\"elementor-spacer\">\n\t\t\t<div class=\"elementor-spacer-inner\"><\/div>\n\t\t<\/div>\n\t\t\t\t<\/div>\n\t\t\t\t<\/div>\n\t\t\t\t<div class=\"elementor-element elementor-element-56c0108 elementor-widget elementor-widget-heading\" data-id=\"56c0108\" data-element_type=\"widget\" data-widget_type=\"heading.default\">\n\t\t\t\t<div class=\"elementor-widget-container\">\n\t\t\t<div class=\"elementor-heading-title elementor-size-default\">O\u0650p. Dr. Alican Gunenc<\/div>\t\t<\/div>\n\t\t\t\t<\/div>\n\t\t\t\t<div class=\"elementor-element elementor-element-a124daa elementor-widget elementor-widget-spacer\" data-id=\"a124daa\" data-element_type=\"widget\" data-widget_type=\"spacer.default\">\n\t\t\t\t<div class=\"elementor-widget-container\">\n\t\t\t\t\t<div class=\"elementor-spacer\">\n\t\t\t<div class=\"elementor-spacer-inner\"><\/div>\n\t\t<\/div>\n\t\t\t\t<\/div>\n\t\t\t\t<\/div>\n\t\t\t\t<div class=\"elementor-element elementor-element-1edaea8 elementor-mobile-align-center elementor-align-center elementor-widget elementor-widget-ld_button\" data-id=\"1edaea8\" data-element_type=\"widget\" data-widget_type=\"ld_button.default\">\n\t\t\t\t<div class=\"elementor-widget-container\">\n\t\t\t\n\t\t<a  href=\"https:\/\/healthpointworld.com\/fr\/dr-alican.pdf\" class=\"elementor-button btn ws-nowrap btn-solid btn-xsm btn-icon-left btn-has-label\" target=\"_blank\" >\n\t\t\t\t\t\t\t<span class=\"btn-txt\"  data-text=\"CV du M\u00e9decin\" >CV du M\u00e9decin<\/span>\n\t\t\t\t\t\t\t\t\t\t\t<span class=\"btn-icon\">\n\t\t\t\t\t\t<i aria-hidden=\"true\" class=\"far fa-file-pdf\"><\/i>\t\t\t\t\t<\/span>\n\t\t\t\t\t\t\t<\/a>\n\n\t\t\t\t<\/div>\n\t\t\t\t<\/div>\n\t\t\t\t\t<\/div>\n\t\t<\/div>\n\t\t\t\t\t<\/div>\n\t\t<\/section>\n\t\t\t\t\t<\/div>\n\t\t<\/div>\n\t\t\t\t\t<\/div>\n\t\t<\/section>\n\t\t\t\t<\/div>","protected":false},"excerpt":{"rendered":"<p>Doctors Dr. Sp\u00e9cialiste. Mustafa T\u00fcmt\u00fcrk CV du M\u00e9decin Sp\u00e9cialiste greffe Seren Sevindik CV du M\u00e9decin Dt. Mustafa Kemal \u00c7al\u0131k CV du M\u00e9decin O\u0650p. Dr. Alican Gunenc CV du M\u00e9decin<\/p>","protected":false},"author":1,"featured_media":0,"parent":0,"menu_order":0,"comment_status":"closed","ping_status":"closed","template":"","meta":{"_lmt_disableupdate":"","_lmt_disable":"","footnotes":""},"class_list":["post-16559","page","type-page","status-publish","hentry"],"aioseo_notices":[],"_links":{"self":[{"href":"https:\/\/healthpointworld.com\/fr\/wp-json\/wp\/v2\/pages\/16559","targetHints":{"allow":["GET"]}}],"collection":[{"href":"https:\/\/healthpointworld.com\/fr\/wp-json\/wp\/v2\/pages"}],"about":[{"href":"https:\/\/healthpointworld.com\/fr\/wp-json\/wp\/v2\/types\/page"}],"author":[{"embeddable":true,"href":"https:\/\/healthpointworld.com\/fr\/wp-json\/wp\/v2\/users\/1"}],"replies":[{"embeddable":true,"href":"https:\/\/healthpointworld.com\/fr\/wp-json\/wp\/v2\/comments?post=16559"}],"version-history":[{"count":53,"href":"https:\/\/healthpointworld.com\/fr\/wp-json\/wp\/v2\/pages\/16559\/revisions"}],"predecessor-version":[{"id":17906,"href":"https:\/\/healthpointworld.com\/fr\/wp-json\/wp\/v2\/pages\/16559\/revisions\/17906"}],"wp:attachment":[{"href":"https:\/\/healthpointworld.com\/fr\/wp-json\/wp\/v2\/media?parent=16559"}],"curies":[{"name":"wp","href":"https:\/\/api.w.org\/{rel}","templated":true}]}}